{"id":23,"date":"2020-07-03T09:03:29","date_gmt":"2020-07-03T07:03:29","guid":{"rendered":"https:\/\/www.raab.at\/english\/?page_id=23"},"modified":"2020-09-23T10:34:15","modified_gmt":"2020-09-23T08:34:15","slug":"cookie-policy","status":"publish","type":"page","link":"https:\/\/www.raab.at\/english\/cookie-policy\/","title":{"rendered":"Cookie Policy"},"content":{"rendered":"<p>[et_pb_section fb_built=&#8220;1&#8243; _builder_version=&#8220;4.5.1&#8243; _module_preset=&#8220;default&#8220;][et_pb_row _builder_version=&#8220;4.5.1&#8243; _module_preset=&#8220;default&#8220;][et_pb_column type=&#8220;4_4&#8243; _builder_version=&#8220;4.5.1&#8243; _module_preset=&#8220;default&#8220;][et_pb_text _builder_version=&#8220;4.5.1&#8243; _module_preset=&#8220;default&#8220; header_text_align=&#8220;center&#8220;]<\/p>\n<div id=\"txt\">\n<h1>Cookie Policy von<br \/>RAAB &amp; RAAB Verm\u00f6gensberatung<br \/>Gesellschaft m.b.H.<\/h1>\n<p>Wirksam seit: 1.4. 2018<\/p>\n<p>Cookies sind kleine Dateien, die es dieser Webseite erm\u00f6glichen auf dem Computer des Besuchers spezifische, auf den Nutzer bezogene Informationen zu speichern. Cookies helfen uns dabei, die Nutzungsh\u00e4ufigkeit und die Anzahl der Nutzer unserer Website zu ermitteln, sowie unsere Angebote f\u00fcr Sie komfortabel und effizient zu gestalten.<\/p>\n<p>&nbsp;<\/p>\n<p><strong>1. Wir verwenden die folgenden Cookies:<\/strong><\/p>\n<ul>\n<li>Session Cookies: Das sind Cookies, die ausschlie\u00dflich f\u00fcr die Dauer Ihrer Nutzung unserer Website zwischengespeichert werden.<\/li>\n<li>Permanente Cookies: Das sind Cookies, die Informationen \u00fcber Besucher festhalten, die wiederholt auf unsere Website zugreifen. Der Zweck des Einsatzes dieser Cookies besteht darin, eine optimale Benutzerf\u00fchrung anbieten zu k\u00f6nnen sowie Besucher wiederzuerkennen und bei wiederholter Nutzung eine m\u00f6glichst attraktive Website und interessante Inhalte pr\u00e4sentieren zu k\u00f6nnen.<\/li>\n<li>First Party und Third Party Cookie: Beim n\u00e4chsten Aufruf dieser Website mit demselben Endger\u00e4t wird das Cookie und die darin gespeicherten Informationen entweder an die Webseite zur\u00fcckgesandt, die sie erzeugt hat (First Party Cookie) oder an eine andere Webseite gesandt, zu der es geh\u00f6rt (Third Party Cookie).<\/li>\n<\/ul>\n<p>&nbsp;<\/p>\n<p><strong>2. Rechtsgrundlage f\u00fcr die Verwendung von Cookies und Widerruf der Zustimmung<\/strong><\/p>\n<p>Hinsichtlich der Rechtsgrundlage unterscheiden wir zwischen (1) unbedingt notwendigen Cookies und (2) zustimmungspflichtige Cookies.<\/p>\n<ul>\n<li>Unbedingt notwendige Cookies<\/li>\n<\/ul>\n<p>Cookie Name\/Ursprung\/Zweck\/Ablaufdatum<br \/>_ga\/Google Analytics\/Wird benutzt, um Nutzer der Website unterscheiden und wiederekennen zu k\u00f6nnen\/2 Jahre<br \/>_gid\/Google Analytics\/Wird benutzt, um Nutzer der Website unterscheiden und wiederekennen zu k\u00f6nnen\/24 Stunden<br \/>_gat\/Google Analytics\/Wird benutzt, um die Anfragerate zu drosseln (Anm., 1:1 \u00dcbersetzung der Definition \u201eused to throttel request-rate\u201c)\/1 Minute<br \/>_gac_&lt;UA-51790375-1&gt;\/Google Analytics + Google AdWords\/Beinhaltet Kampagnenrelevante Informationen unserer Website-User durch die Verkn\u00fcpfung von Google-Analytics &amp; Google-AdWords\/90 Tage<br \/>__utma\/Google Analytics\/Wird benutzt, um Nutzer und Sessions der Webiste unterscheiden zu k\u00f6nnen.\/2 Jahre vom Setzen\/Updaten<br \/>__utmt\/Google Analytics\/Wird benutzt um die Anfragerate zu drosseln (Anm., 1:1 \u00dcbersetzung)\/10 Minuten<br \/>__utmb\/Google Analytics\/Wird benutzt, um neue Sessions und Views zu determinieren.\/30 Minuten vom Setzen\/Updaten<br \/>__utmc\/Google Analytics\/Wird benutzt, um festzustellen, ob der Nutzer in einer neuen Session\/einem neuen Besuch ist\/Bis zum Schlie\u00dfen des Browserfensters<br \/>__utmz\/Google Analytics\/Speichert die Quelle, von der aus der Nutzer die Website erreicht hat\/6 Monate vom Setzen\/Updaten<\/p>\n<ul>\n<li>Zustimmungspflichtige Cookies<\/li>\n<\/ul>\n<p>Sie erhalten dazu eine Information, wenn Sie auf unsere Website kommen. Sie k\u00f6nnen die Speicherung der Cookies durch eine entsprechende Einstellung Ihrer Browser Software verhindern; wir weisen Sie jedoch darauf hin, dass Sie in diesem Fall gegebenenfalls nicht s\u00e4mtliche Funktionen dieser Website vollumf\u00e4nglich werden nutzen k\u00f6nnen.<\/p>\n<\/div>\n<p>[\/et_pb_text][\/et_pb_column][\/et_pb_row][\/et_pb_section]<\/p>\n","protected":false},"excerpt":{"rendered":"<p>Cookie Policy vonRAAB &amp; RAAB Verm\u00f6gensberatungGesellschaft m.b.H. Wirksam seit: 1.4. 2018 Cookies sind kleine Dateien, die es dieser Webseite erm\u00f6glichen auf dem Computer des Besuchers spezifische, auf den Nutzer bezogene Informationen zu speichern. Cookies helfen uns dabei, die Nutzungsh\u00e4ufigkeit und die Anzahl der Nutzer unserer Website zu ermitteln, sowie unsere Angebote f\u00fcr Sie komfortabel und [&hellip;]<\/p>\n","protected":false},"author":1,"featured_media":0,"parent":0,"menu_order":0,"comment_status":"closed","ping_status":"closed","template":"","meta":{"_et_pb_use_builder":"on","_et_pb_old_content":"","_et_gb_content_width":""},"yoast_head":"<!-- This site is optimized with the Yoast SEO plugin v19.1 - https:\/\/yoast.com\/wordpress\/plugins\/seo\/ -->\n<title>Cookie Policy | Residental investments in Vienna \u2013 Raab &amp; Raab<\/title>\n<meta name=\"robots\" content=\"index, follow, max-snippet:-1, max-image-preview:large, max-video-preview:-1\" \/>\n<link rel=\"canonical\" href=\"https:\/\/www.raab.at\/english\/cookie-policy\/\" \/>\n<meta property=\"og:locale\" content=\"de_DE\" \/>\n<meta property=\"og:type\" content=\"article\" \/>\n<meta property=\"og:title\" content=\"Cookie Policy | Residental investments in Vienna \u2013 Raab &amp; Raab\" \/>\n<meta property=\"og:description\" content=\"Cookie Policy vonRAAB &amp; RAAB Verm\u00f6gensberatungGesellschaft m.b.H. Wirksam seit: 1.4. 2018 Cookies sind kleine Dateien, die es dieser Webseite erm\u00f6glichen auf dem Computer des Besuchers spezifische, auf den Nutzer bezogene Informationen zu speichern. Cookies helfen uns dabei, die Nutzungsh\u00e4ufigkeit und die Anzahl der Nutzer unserer Website zu ermitteln, sowie unsere Angebote f\u00fcr Sie komfortabel und [&hellip;]\" \/>\n<meta property=\"og:url\" content=\"https:\/\/www.raab.at\/english\/cookie-policy\/\" \/>\n<meta property=\"og:site_name\" content=\"Residental investments in Vienna - Raab &amp; Raab\" \/>\n<meta property=\"article:modified_time\" content=\"2020-09-23T08:34:15+00:00\" \/>\n<meta name=\"twitter:card\" content=\"summary_large_image\" \/>\n<meta name=\"twitter:label1\" content=\"Gesch\u00e4tzte Lesezeit\" \/>\n\t<meta name=\"twitter:data1\" content=\"2\u00a0Minuten\" \/>\n<script type=\"application\/ld+json\" class=\"yoast-schema-graph\">{\"@context\":\"https:\/\/schema.org\",\"@graph\":[{\"@type\":\"WebSite\",\"@id\":\"https:\/\/www.raab.at\/english\/#website\",\"url\":\"https:\/\/www.raab.at\/english\/\",\"name\":\"Residental investments in Vienna - Raab &amp; Raab\",\"description\":\"Invest your savings for the future\",\"potentialAction\":[{\"@type\":\"SearchAction\",\"target\":{\"@type\":\"EntryPoint\",\"urlTemplate\":\"https:\/\/www.raab.at\/english\/?s={search_term_string}\"},\"query-input\":\"required name=search_term_string\"}],\"inLanguage\":\"de\"},{\"@type\":\"WebPage\",\"@id\":\"https:\/\/www.raab.at\/english\/cookie-policy\/#webpage\",\"url\":\"https:\/\/www.raab.at\/english\/cookie-policy\/\",\"name\":\"Cookie Policy | Residental investments in Vienna \u2013 Raab & Raab\",\"isPartOf\":{\"@id\":\"https:\/\/www.raab.at\/english\/#website\"},\"datePublished\":\"2020-07-03T07:03:29+00:00\",\"dateModified\":\"2020-09-23T08:34:15+00:00\",\"breadcrumb\":{\"@id\":\"https:\/\/www.raab.at\/english\/cookie-policy\/#breadcrumb\"},\"inLanguage\":\"de\",\"potentialAction\":[{\"@type\":\"ReadAction\",\"target\":[\"https:\/\/www.raab.at\/english\/cookie-policy\/\"]}]},{\"@type\":\"BreadcrumbList\",\"@id\":\"https:\/\/www.raab.at\/english\/cookie-policy\/#breadcrumb\",\"itemListElement\":[{\"@type\":\"ListItem\",\"position\":1,\"name\":\"Startseite\",\"item\":\"https:\/\/www.raab.at\/english\/\"},{\"@type\":\"ListItem\",\"position\":2,\"name\":\"Cookie Policy\"}]}]}<\/script>\n<!-- \/ Yoast SEO plugin. -->","yoast_head_json":{"title":"Cookie Policy | Residental investments in Vienna \u2013 Raab & Raab","robots":{"index":"index","follow":"follow","max-snippet":"max-snippet:-1","max-image-preview":"max-image-preview:large","max-video-preview":"max-video-preview:-1"},"canonical":"https:\/\/www.raab.at\/english\/cookie-policy\/","og_locale":"de_DE","og_type":"article","og_title":"Cookie Policy | Residental investments in Vienna \u2013 Raab & Raab","og_description":"Cookie Policy vonRAAB &amp; RAAB Verm\u00f6gensberatungGesellschaft m.b.H. Wirksam seit: 1.4. 2018 Cookies sind kleine Dateien, die es dieser Webseite erm\u00f6glichen auf dem Computer des Besuchers spezifische, auf den Nutzer bezogene Informationen zu speichern. Cookies helfen uns dabei, die Nutzungsh\u00e4ufigkeit und die Anzahl der Nutzer unserer Website zu ermitteln, sowie unsere Angebote f\u00fcr Sie komfortabel und [&hellip;]","og_url":"https:\/\/www.raab.at\/english\/cookie-policy\/","og_site_name":"Residental investments in Vienna - Raab &amp; Raab","article_modified_time":"2020-09-23T08:34:15+00:00","twitter_card":"summary_large_image","twitter_misc":{"Gesch\u00e4tzte Lesezeit":"2\u00a0Minuten"},"schema":{"@context":"https:\/\/schema.org","@graph":[{"@type":"WebSite","@id":"https:\/\/www.raab.at\/english\/#website","url":"https:\/\/www.raab.at\/english\/","name":"Residental investments in Vienna - Raab &amp; Raab","description":"Invest your savings for the future","potentialAction":[{"@type":"SearchAction","target":{"@type":"EntryPoint","urlTemplate":"https:\/\/www.raab.at\/english\/?s={search_term_string}"},"query-input":"required name=search_term_string"}],"inLanguage":"de"},{"@type":"WebPage","@id":"https:\/\/www.raab.at\/english\/cookie-policy\/#webpage","url":"https:\/\/www.raab.at\/english\/cookie-policy\/","name":"Cookie Policy | Residental investments in Vienna \u2013 Raab & Raab","isPartOf":{"@id":"https:\/\/www.raab.at\/english\/#website"},"datePublished":"2020-07-03T07:03:29+00:00","dateModified":"2020-09-23T08:34:15+00:00","breadcrumb":{"@id":"https:\/\/www.raab.at\/english\/cookie-policy\/#breadcrumb"},"inLanguage":"de","potentialAction":[{"@type":"ReadAction","target":["https:\/\/www.raab.at\/english\/cookie-policy\/"]}]},{"@type":"BreadcrumbList","@id":"https:\/\/www.raab.at\/english\/cookie-policy\/#breadcrumb","itemListElement":[{"@type":"ListItem","position":1,"name":"Startseite","item":"https:\/\/www.raab.at\/english\/"},{"@type":"ListItem","position":2,"name":"Cookie Policy"}]}]}},"_links":{"self":[{"href":"https:\/\/www.raab.at\/english\/wp-json\/wp\/v2\/pages\/23"}],"collection":[{"href":"https:\/\/www.raab.at\/english\/wp-json\/wp\/v2\/pages"}],"about":[{"href":"https:\/\/www.raab.at\/english\/wp-json\/wp\/v2\/types\/page"}],"author":[{"embeddable":true,"href":"https:\/\/www.raab.at\/english\/wp-json\/wp\/v2\/users\/1"}],"replies":[{"embeddable":true,"href":"https:\/\/www.raab.at\/english\/wp-json\/wp\/v2\/comments?post=23"}],"version-history":[{"count":3,"href":"https:\/\/www.raab.at\/english\/wp-json\/wp\/v2\/pages\/23\/revisions"}],"predecessor-version":[{"id":1201,"href":"https:\/\/www.raab.at\/english\/wp-json\/wp\/v2\/pages\/23\/revisions\/1201"}],"wp:attachment":[{"href":"https:\/\/www.raab.at\/english\/wp-json\/wp\/v2\/media?parent=23"}],"curies":[{"name":"wp","href":"https:\/\/api.w.org\/{rel}","templated":true}]}}