{"id":25,"date":"2020-07-03T09:03:45","date_gmt":"2020-07-03T07:03:45","guid":{"rendered":"https:\/\/www.raab.at\/english\/?page_id=25"},"modified":"2022-06-29T09:43:26","modified_gmt":"2022-06-29T07:43:26","slug":"data-privacy","status":"publish","type":"page","link":"https:\/\/www.raab.at\/english\/data-privacy\/","title":{"rendered":"Data Privacy"},"content":{"rendered":"<p>[et_pb_section fb_built=&#8220;1&#8243; _builder_version=&#8220;4.5.1&#8243; _module_preset=&#8220;default&#8220;][et_pb_row _builder_version=&#8220;4.5.1&#8243; _module_preset=&#8220;default&#8220;][et_pb_column type=&#8220;4_4&#8243; _builder_version=&#8220;4.5.1&#8243; _module_preset=&#8220;default&#8220;][et_pb_text _builder_version=&#8220;4.5.1&#8243; _module_preset=&#8220;default&#8220; header_text_align=&#8220;center&#8220;]<\/p>\n<h1>DATENSCHUTZERKL\u00c4RUNG F\u00dcR DIE WEBSITE<\/h1>\n<p>Wirksam seit: 1.4. 2018<\/p>\n<p>RAAB &amp; RAAB Verm\u00f6gensberatung Gesellschaft m.b.H. ,\u00a0Columbusgasse 14, 1100 Wien (\u201e<strong>RAAB &amp; RAAB<\/strong>\u201c oder \u201e<strong>Wir<\/strong>\u201c) respektieren Ihre Privatsph\u00e4re. Diese Datenschutzerkl\u00e4rung gilt f\u00fcr die Nutzung der <strong>RAAB &amp; RAAB<\/strong> Website. Sie beschreibt, welche Arten von personenbezogenen Daten wir im Zusammenhang mit unseren Services und die Zwecke f\u00fcr die wir die personenbezogenen Daten erheben und die Dritten, mit denen wir die Daten austauschen. Dar\u00fcber hinaus werden Sie \u00fcber Ihre Rechte in Bezug auf Ihre personenbezogenen Daten informiert sowie \u00fcber die M\u00f6glichkeit, wie Sie uns erreichen. <strong>RAAB &amp; RAAB<\/strong> ist f\u00fcr das Erheben und Verwenden Ihrer personenbezogenen Daten verantwortlich.<\/p>\n<p><strong>1. PERSONENBEZOGENE Daten<\/strong><\/p>\n<p>Unter personenbezogenen Daten verstehen wir alle Informationen, die sich auf eine identifizierte oder identifizierbare nat\u00fcrliche Person beziehen.<\/p>\n<p><strong>1. 1 Daten, die zur Vertragserf\u00fcllung notwendig sind<\/strong><\/p>\n<p>Folgende personenbezogene Daten erheben wir zur Vertragserf\u00fcllung (bei Antragsformularen oder zur Bearbeitung Ihrer Anfrage):<\/p>\n<ul>\n<li>Namen (Vor- und Nachname),<\/li>\n<li>die Telefonnummer,<\/li>\n<li>die E-Mail-Adresse,<\/li>\n<li>die Wohnanschrift,<\/li>\n<li>sonstige, im Online-Kontaktformular, und vom Nutzer selbst bekannt gegebenen Informationen (z.B. Anrede, etc.),<\/li>\n<\/ul>\n<p><strong>1. 2 Daten, die wir automatisch erheben<\/strong><\/p>\n<p>Wir k\u00f6nnen unter Verwendung von automatischen Mitteln \u2013 das bedeutet Cookies und Webbeacons \u2013 nachstehende Daten erheben. Ein \u201eCookie\u201c ist eine Textdatei, die auf Ihrem Computer abgelegt wird. Ein \u201eWebbeacon\u201c, auch als Internettag, Pixel-Tag oder Clear-gif bezeichnet, wird zur R\u00fcck\u00fcbermittlung von Informationen an den Web-Server gen\u00fctzt. Folgende Daten erheben wir automatisch:<\/p>\n<ul>\n<li>die IP-Adresse,<\/li>\n<li>die IP-Adresse des Mobilger\u00e4tes,<\/li>\n<li>eine eindeutige Kennung des Mobilger\u00e4tes,<\/li>\n<li>den Browsertyp und Einstellungsdaten (Bildschirmaufl\u00f6sung, Farbtiefe, Zeitzoneneinstellungen,<\/li>\n<li>Browser-Erweiterungen und PlugIns, Schriftarten),<\/li>\n<li>das Betriebssystem,<\/li>\n<li>die Referrer URL (der zuvor besuchten Website) und<\/li>\n<li>Uhrzeit der Serveranfrage.<\/li>\n<\/ul>\n<p>Diese Daten werden zur Wiederkennung des Nutzers verwendet. Wir bieten unseren Nutzern die M\u00f6glichkeit zum Opt-out \u00fcber die Browsereinstellungen. Weitere Informationen, wie Sie Ihre Browsereinstellungen \u00e4ndern, finden Sie in der <a href=\"https:\/\/www.raab.at\/cookie-policy\/\">Cookie Policy<\/a>.<\/p>\n<p><strong>2. Wie wir die erhobenen personenbezogenen Daten nutzen<\/strong><\/p>\n<p>Wir verarbeiten die unter Punkt 1.1 genannten personenbezogenen Daten f\u00fcr die <strong>Beantwortung Ihrer Anfrage<\/strong> und\/oder zur <strong>Durchf\u00fchrung vorvertraglicher Ma\u00dfnahmen<\/strong>, die aufgrund Ihrer Anfrage erfolgt sind. Dabei handelt es sich um folgende F\u00e4lle:<\/p>\n<ul>\n<li>Anfragen: Sie \u00fcbermitteln uns eine Anfrage und wir verarbeiten die Daten zur Beantwortung.<\/li>\n<li>In weiterer Folge zu Ihrer individuellen Betreuung sowie zur<\/li>\n<li>Abwicklung von zuk\u00fcnftigen Vertragsverh\u00e4ltnissen und<\/li>\n<li>Alle sonstigen Leistungen, die im Zusammenhang mit der Verm\u00f6gensberatung stehen<\/li>\n<\/ul>\n<p><strong>3. DATEN\u00dcBERMITTLUNGEN und speicherung IHRER DATEN<\/strong><\/p>\n<p>Zur Speicherung Ihrer personenbezogenen Daten bedienen wir uns der Services von Tiger Beteiligungsgesellschaft mbH, Columbusgasse 14, 1100 Wien. Der Auftragsverarbeiter darf diese Daten lediglich gem\u00e4\u00df unseren Weisungen und, soweit zur Durchf\u00fchrung von Dienstleistungen f\u00fcr uns oder zur Einhaltung rechtlicher Vorschriften notwendig, nutzen oder offenlegen. Wir verpflichten unseren Auftragsverarbeiter vertraglich dazu, die Vertraulichkeit und die Sicherheit der personenbezogenen Daten zu gew\u00e4hrleisten, die sie in unserem Auftrag verarbeiten.<\/p>\n<p>Die personenbezogenen Daten werden nur so lange gespeichert, wie sie f\u00fcr die Zwecke der Datenverarbeitung (dh. z.B. der Abwicklung der Anfrage) notwendig sind.<\/p>\n<p>Wir und Tiger Beteiligungsgesellschaft mbH, Columbusgasse 14, 1100 Wien, setzen Ma\u00dfnahmen, um personenbezogene Daten zu zerst\u00f6ren oder dauerhaft zu anonymisieren, wenn sie nicht weiter ben\u00f6tigt werden.<\/p>\n<p><strong>4. Ihre Rechte<\/strong><\/p>\n<p>Sie sind berechtigt, <strong>Auskunft<\/strong> \u00fcber die von uns gespeicherten personenbezogenen Daten zu verlangen. Sie haben das Recht, innerhalb einer einmonatigen Frist, welche um weitere zwei Monate erstreckt werden kann, (i) eine Best\u00e4tigung dar\u00fcber zu erhalten, ob Sie betreffende personenbezogene Daten verarbeitet werden, (ii) eine Information zur Datenverarbeitung und (iii) eine Kopie der verarbeiteten personenbezogenen Daten zu erhalten.<\/p>\n<p>Sie haben auch das Recht, dass Ihre personenbezogenen Daten <strong>berichtigt<\/strong> werden, wenn diese unrichtig oder unvollst\u00e4ndig sind.<\/p>\n<p>Sie haben das Recht auf <strong>L\u00f6schung<\/strong> ihrer personenbezogenen Daten, wenn die Verarbeitung in Verletzung des geltenden Datenschutzrechts erfolgt, insbesondere, weil Sie Ihre zuvor erteilte Einwilligung widerrufen oder berechtigterweise einen Widerspruch eingelegt haben.<\/p>\n<p>Weiters haben Sie das Recht, gegen\u00fcber Raab <strong>Widerspruch<\/strong> einzulegen, wenn die Rechtsgrundlage der Datenverarbeitung ein \u00fcberwiegendes berechtigtes Interesse ist und Raab nicht nachweisen kann, dass seine Interessen gegen\u00fcber Ihren \u00fcberwiegen.<\/p>\n<p>Sie haben auch das Recht <strong>Beschwerde<\/strong> bei der Datenschutzbeh\u00f6rde einzulegen.<\/p>\n<p>Ab 25.5.2018 haben Sie nach der Datenschutz-Grundverordnung (\u201e<strong>DSGVO<\/strong>\u201c) zus\u00e4tzlich folgende Rechte:<\/p>\n<p>Sie haben das Recht, dass Ihre personenbezogenen Daten von der weiteren Verarbeitung ausgeschlossen werden, wenn Sie Ihr Recht auf Berichtigung oder Widerspruch ausge\u00fcbt haben und Raab hier\u00fcber aber noch nicht entschieden hat (R<strong>echt auf Einschr\u00e4nkung der Verarbeitung<\/strong>).<\/p>\n<p>Sie haben das <strong>Recht auf Daten\u00fcbertragbarkeit<\/strong> zu, dh die Sie betreffenden Daten in einem strukturierten, g\u00e4ngigen maschinenlesbaren Format zu erhalten sowie zu erwirken, dass die Daten direkt von Raab an einen anderen von Ihnen bezeichneten Verantwortlichen \u00fcbermittelt werden, sofern die Voraussetzungen des Art. 20 DSGVO vorliegen.<\/p>\n<p>Bitte kontaktieren Sie uns, wie unter dem Abschnitt \u201eWie Sie uns kontaktieren k\u00f6nnen\u201c beschrieben, um eine Anfrage auf Zugriff auf Ihre Daten einzureichen oder Ihre anderen Rechte auszu\u00fcben.<\/p>\n<p><strong>5. Features und Links zu anderen Websites<\/strong><\/p>\n<p>Unsere Website enth\u00e4lt aus praktischen Gr\u00fcnden oder zu Ihrer Information m\u00f6glicherweise Features, f\u00fcr die wir mit anderen Unternehmen zusammenarbeiten, und Links zu anderen Websites. Diese Features, die Social-Networking und geographische Tools umfassen k\u00f6nnen, sowie Verlinkungen zu anderen Websites, k\u00f6nnen unabh\u00e4ngig von <strong>RAAB &amp; RAAB<\/strong> betrieben werden.<\/p>\n<p>F\u00fcr diese k\u00f6nnen eigene Datenschutzhinweise oder -richtlinien gelten; wir empfehlen daher dringend, dass Sie diese pr\u00fcfen, wenn Sie sie besuchen. Soweit diese Features und verlinkten Websites, die Sie besuchen, nicht im Besitz oder unter Kontrolle von <strong>RAAB &amp; RAAB<\/strong> stehen, sind wir nicht f\u00fcr die Inhalte der Sites, deren Nutzung oder deren Datenschutzpraktiken verantwortlich.<\/p>\n<p><strong>6. Wie Sie uns kontaktieren k\u00f6nnen<\/strong><\/p>\n<p>Wenn Sie Fragen oder Kommentare zu dieser Datenschutzerkl\u00e4rung haben, oder wenn Sie Ihre Rechte aus\u00fcben m\u00f6chten, k\u00f6nnen Sie uns auch schriftlich oder telefonisch kontaktieren:<\/p>\n<p>RAAB &amp; RAAB Verm\u00f6gensberatung Gesellschaft m.b.H.<br \/>\nColumbusgasse 14<br \/>\n1100 Wien<br \/>\nTel.: 01 \u2013 544 8760<br \/>\nraab@raab.at<\/p>\n<p>[\/et_pb_text][\/et_pb_column][\/et_pb_row][\/et_pb_section]<\/p>\n","protected":false},"excerpt":{"rendered":"<p>DATENSCHUTZERKL\u00c4RUNG F\u00dcR DIE WEBSITE Wirksam seit: 1.4. 2018 RAAB &amp; RAAB Verm\u00f6gensberatung Gesellschaft m.b.H. ,\u00a0Columbusgasse 14, 1100 Wien (\u201eRAAB &amp; RAAB\u201c oder \u201eWir\u201c) respektieren Ihre Privatsph\u00e4re. Diese Datenschutzerkl\u00e4rung gilt f\u00fcr die Nutzung der RAAB &amp; RAAB Website. Sie beschreibt, welche Arten von personenbezogenen Daten wir im Zusammenhang mit unseren Services und die Zwecke f\u00fcr die [&hellip;]<\/p>\n","protected":false},"author":1,"featured_media":0,"parent":0,"menu_order":0,"comment_status":"closed","ping_status":"closed","template":"","meta":{"_et_pb_use_builder":"on","_et_pb_old_content":"","_et_gb_content_width":""},"yoast_head":"<!-- This site is optimized with the Yoast SEO plugin v19.1 - https:\/\/yoast.com\/wordpress\/plugins\/seo\/ -->\n<title>Data Privacy | Residental investments in Vienna \u2013 Raab &amp; Raab<\/title>\n<meta name=\"robots\" content=\"index, follow, max-snippet:-1, max-image-preview:large, max-video-preview:-1\" \/>\n<link rel=\"canonical\" href=\"https:\/\/www.raab.at\/english\/data-privacy\/\" \/>\n<meta property=\"og:locale\" content=\"de_DE\" \/>\n<meta property=\"og:type\" content=\"article\" \/>\n<meta property=\"og:title\" content=\"Data Privacy | Residental investments in Vienna \u2013 Raab &amp; Raab\" \/>\n<meta property=\"og:description\" content=\"DATENSCHUTZERKL\u00c4RUNG F\u00dcR DIE WEBSITE Wirksam seit: 1.4. 2018 RAAB &amp; RAAB Verm\u00f6gensberatung Gesellschaft m.b.H. ,\u00a0Columbusgasse 14, 1100 Wien (\u201eRAAB &amp; RAAB\u201c oder \u201eWir\u201c) respektieren Ihre Privatsph\u00e4re. Diese Datenschutzerkl\u00e4rung gilt f\u00fcr die Nutzung der RAAB &amp; RAAB Website. Sie beschreibt, welche Arten von personenbezogenen Daten wir im Zusammenhang mit unseren Services und die Zwecke f\u00fcr die [&hellip;]\" \/>\n<meta property=\"og:url\" content=\"https:\/\/www.raab.at\/english\/data-privacy\/\" \/>\n<meta property=\"og:site_name\" content=\"Residental investments in Vienna - Raab &amp; Raab\" \/>\n<meta property=\"article:modified_time\" content=\"2022-06-29T07:43:26+00:00\" \/>\n<meta name=\"twitter:card\" content=\"summary_large_image\" \/>\n<meta name=\"twitter:label1\" content=\"Gesch\u00e4tzte Lesezeit\" \/>\n\t<meta name=\"twitter:data1\" content=\"5\u00a0Minuten\" \/>\n<script type=\"application\/ld+json\" class=\"yoast-schema-graph\">{\"@context\":\"https:\/\/schema.org\",\"@graph\":[{\"@type\":\"WebSite\",\"@id\":\"https:\/\/www.raab.at\/english\/#website\",\"url\":\"https:\/\/www.raab.at\/english\/\",\"name\":\"Residental investments in Vienna - Raab &amp; Raab\",\"description\":\"Invest your savings for the future\",\"potentialAction\":[{\"@type\":\"SearchAction\",\"target\":{\"@type\":\"EntryPoint\",\"urlTemplate\":\"https:\/\/www.raab.at\/english\/?s={search_term_string}\"},\"query-input\":\"required name=search_term_string\"}],\"inLanguage\":\"de\"},{\"@type\":\"WebPage\",\"@id\":\"https:\/\/www.raab.at\/english\/data-privacy\/#webpage\",\"url\":\"https:\/\/www.raab.at\/english\/data-privacy\/\",\"name\":\"Data Privacy | Residental investments in Vienna \u2013 Raab & Raab\",\"isPartOf\":{\"@id\":\"https:\/\/www.raab.at\/english\/#website\"},\"datePublished\":\"2020-07-03T07:03:45+00:00\",\"dateModified\":\"2022-06-29T07:43:26+00:00\",\"breadcrumb\":{\"@id\":\"https:\/\/www.raab.at\/english\/data-privacy\/#breadcrumb\"},\"inLanguage\":\"de\",\"potentialAction\":[{\"@type\":\"ReadAction\",\"target\":[\"https:\/\/www.raab.at\/english\/data-privacy\/\"]}]},{\"@type\":\"BreadcrumbList\",\"@id\":\"https:\/\/www.raab.at\/english\/data-privacy\/#breadcrumb\",\"itemListElement\":[{\"@type\":\"ListItem\",\"position\":1,\"name\":\"Startseite\",\"item\":\"https:\/\/www.raab.at\/english\/\"},{\"@type\":\"ListItem\",\"position\":2,\"name\":\"Data Privacy\"}]}]}<\/script>\n<!-- \/ Yoast SEO plugin. -->","yoast_head_json":{"title":"Data Privacy | Residental investments in Vienna \u2013 Raab & Raab","robots":{"index":"index","follow":"follow","max-snippet":"max-snippet:-1","max-image-preview":"max-image-preview:large","max-video-preview":"max-video-preview:-1"},"canonical":"https:\/\/www.raab.at\/english\/data-privacy\/","og_locale":"de_DE","og_type":"article","og_title":"Data Privacy | Residental investments in Vienna \u2013 Raab & Raab","og_description":"DATENSCHUTZERKL\u00c4RUNG F\u00dcR DIE WEBSITE Wirksam seit: 1.4. 2018 RAAB &amp; RAAB Verm\u00f6gensberatung Gesellschaft m.b.H. ,\u00a0Columbusgasse 14, 1100 Wien (\u201eRAAB &amp; RAAB\u201c oder \u201eWir\u201c) respektieren Ihre Privatsph\u00e4re. Diese Datenschutzerkl\u00e4rung gilt f\u00fcr die Nutzung der RAAB &amp; RAAB Website. Sie beschreibt, welche Arten von personenbezogenen Daten wir im Zusammenhang mit unseren Services und die Zwecke f\u00fcr die [&hellip;]","og_url":"https:\/\/www.raab.at\/english\/data-privacy\/","og_site_name":"Residental investments in Vienna - Raab &amp; Raab","article_modified_time":"2022-06-29T07:43:26+00:00","twitter_card":"summary_large_image","twitter_misc":{"Gesch\u00e4tzte Lesezeit":"5\u00a0Minuten"},"schema":{"@context":"https:\/\/schema.org","@graph":[{"@type":"WebSite","@id":"https:\/\/www.raab.at\/english\/#website","url":"https:\/\/www.raab.at\/english\/","name":"Residental investments in Vienna - Raab &amp; Raab","description":"Invest your savings for the future","potentialAction":[{"@type":"SearchAction","target":{"@type":"EntryPoint","urlTemplate":"https:\/\/www.raab.at\/english\/?s={search_term_string}"},"query-input":"required name=search_term_string"}],"inLanguage":"de"},{"@type":"WebPage","@id":"https:\/\/www.raab.at\/english\/data-privacy\/#webpage","url":"https:\/\/www.raab.at\/english\/data-privacy\/","name":"Data Privacy | Residental investments in Vienna \u2013 Raab & Raab","isPartOf":{"@id":"https:\/\/www.raab.at\/english\/#website"},"datePublished":"2020-07-03T07:03:45+00:00","dateModified":"2022-06-29T07:43:26+00:00","breadcrumb":{"@id":"https:\/\/www.raab.at\/english\/data-privacy\/#breadcrumb"},"inLanguage":"de","potentialAction":[{"@type":"ReadAction","target":["https:\/\/www.raab.at\/english\/data-privacy\/"]}]},{"@type":"BreadcrumbList","@id":"https:\/\/www.raab.at\/english\/data-privacy\/#breadcrumb","itemListElement":[{"@type":"ListItem","position":1,"name":"Startseite","item":"https:\/\/www.raab.at\/english\/"},{"@type":"ListItem","position":2,"name":"Data Privacy"}]}]}},"_links":{"self":[{"href":"https:\/\/www.raab.at\/english\/wp-json\/wp\/v2\/pages\/25"}],"collection":[{"href":"https:\/\/www.raab.at\/english\/wp-json\/wp\/v2\/pages"}],"about":[{"href":"https:\/\/www.raab.at\/english\/wp-json\/wp\/v2\/types\/page"}],"author":[{"embeddable":true,"href":"https:\/\/www.raab.at\/english\/wp-json\/wp\/v2\/users\/1"}],"replies":[{"embeddable":true,"href":"https:\/\/www.raab.at\/english\/wp-json\/wp\/v2\/comments?post=25"}],"version-history":[{"count":9,"href":"https:\/\/www.raab.at\/english\/wp-json\/wp\/v2\/pages\/25\/revisions"}],"predecessor-version":[{"id":1261,"href":"https:\/\/www.raab.at\/english\/wp-json\/wp\/v2\/pages\/25\/revisions\/1261"}],"wp:attachment":[{"href":"https:\/\/www.raab.at\/english\/wp-json\/wp\/v2\/media?parent=25"}],"curies":[{"name":"wp","href":"https:\/\/api.w.org\/{rel}","templated":true}]}}