{"id":37,"date":"2020-07-03T09:12:17","date_gmt":"2020-07-03T07:12:17","guid":{"rendered":"https:\/\/www.raab.at\/english\/?page_id=37"},"modified":"2022-06-29T09:54:08","modified_gmt":"2022-06-29T07:54:08","slug":"impressum","status":"publish","type":"page","link":"https:\/\/www.raab.at\/english\/impressum\/","title":{"rendered":"Legal Notice"},"content":{"rendered":"<p>[et_pb_section fb_built=&#8220;1&#8243; _builder_version=&#8220;4.5.1&#8243; _module_preset=&#8220;default&#8220;][et_pb_row _builder_version=&#8220;4.5.1&#8243; _module_preset=&#8220;default&#8220;][et_pb_column type=&#8220;4_4&#8243; _builder_version=&#8220;4.5.1&#8243; _module_preset=&#8220;default&#8220;][et_pb_image src=&#8220;https:\/\/www.raab.at\/english\/wp-content\/uploads\/2020\/07\/Icons_Startseite-01-tinified.png&#8220; alt=&#8220;Icons_Startseite-01&#8243; title_text=&#8220;Icons_Startseite-01&#8243; align=&#8220;center&#8220; _builder_version=&#8220;4.5.1&#8243; _module_preset=&#8220;default&#8220;][\/et_pb_image][et_pb_text _builder_version=&#8220;4.5.1&#8243; _module_preset=&#8220;default&#8220; header_text_align=&#8220;center&#8220;]<\/p>\n<h1 class=\"homehead\">Impressum<\/h1>\n<p>RAAB &amp; RAAB Verm\u00f6gensberatung Gesellschaft m.b.H.<\/p>\n<p>Anschrift: Columbusgasse 14, 1100 Wien<br \/>Telefon: 01\/544 87 60<br \/>Fax: 01\/544 87 60 14<br \/>E-Mail: raab@raab.at<br \/>UID-Nummer ATU 53040105<br \/>Firmenbuchnummer: 121363 a<br \/>Firmenbuchgericht: Handelsgericht Wien<br \/>Finanzmarktaufsicht<br \/>Fachgruppe Finanzdienstleister\/Wirtschaftskammer Wien<br \/>Fachgruppe Versicherungsmakler\/Wirtschaftskammer Wien<br \/>Fachgruppe Wertpapierdienstleister\/Wirtschaftskammer Wien<\/p>\n<p><strong>Grunds\u00e4tzliches<\/strong><\/p>\n<p>Auf unserer Homepage pr\u00e4sentieren wir das Dienstleistungsangebot sowie die Kontaktinformationen der RAAB &amp; RAAB Verm\u00f6gensberatung GesmbH.<\/p>\n<p><strong>Webdesign, Konzeption, Texte, Umsetzung:<\/strong><\/p>\n<p>Mag. Manuel Diwosch: <a href=\"https:\/\/www.diwosch.at\">www.diwosch.at<\/a><br \/>Stefan Bihl: <a href=\"https:\/\/www.sbihl.de\">www.sbihl.de<\/a><br \/>Tina Greisberger (Grafikdesign)<\/p>\n<p><strong>Nutzungsbedingungen, Gew\u00e4hrleistung, Haftung<\/strong><\/p>\n<p>RAAB &amp; RAAB Verm\u00f6gensberatung Gesellschaft m.b.H. ist Inhaber dieser Website. Die Website dient der Information \u00fcber unsere Firma. Eine Weiterverwendung und Reproduktion der Inhalte ist nicht gestattet.<\/p>\n<p>Diese Website wurde mit dem gr\u00f6\u00dftm\u00f6glichen Ma\u00df an Sorgfalt zusammengestellt. Wir k\u00f6nnen \u00a0trotzdem nicht f\u00fcr die Fehlerfreiheit der enthaltenen Informationen garantieren und schlie\u00dfen jegliche Haftung f\u00fcr Sch\u00e4den, die direkt oder indirekt aus der Benutzung dieser Website entstehen, aus.<\/p>\n<p>Links zu anderen Internetseiten stellen Empfehlungen unsererseits dar. Trotz sorgf\u00e4ltiger Kontrolle kann es passieren, dass sich die referenzierten Inhalte ohne unser Wissen \u00e4ndern, daher \u00fcbernehmen wir keinerlei Haftung f\u00fcr die Inhalte externer Links. Sobald uns die ge\u00e4nderten Inhalte bekannt werden, werden diese umgehend entfernt.<\/p>\n<p>Diese Website und die damit verbundenen Dienste werden unter dem Gesichtspunkt gr\u00f6\u00dfter Sorgfalt betrieben. Aus technischen Gr\u00fcnden ist es jedoch nicht m\u00f6glich, dass diese Dienste ohne Unterbrechung zug\u00e4nglich sind, dass die gew\u00fcnschten Verbindungen immer hergestellt werden k\u00f6nnen oder, dass gespeicherte Daten unter allen Gegebenheiten erhalten bleiben. Die st\u00e4ndige Verf\u00fcgbarkeit kann daher nicht zugesichert werden. Konnektivit\u00e4t zu anderen Netzbetreibern erfolgt nach Ma\u00dfgabe der M\u00f6glichkeiten. Jegliche Haftung f\u00fcr Probleme, die ihre Ursache in den Netzen Dritter haben, ist ausgeschlossen. Die Nutzung anderer Netze unterliegt den Nutzungsbedingungen der jeweiligen Betreiber.<\/p>\n<p>Unsererseits besteht keine Haftung f\u00fcr h\u00f6here Gewalt, Streiks, Einschr\u00e4nkungen der Leistungen anderer Netzbetreiber sowie Reparatur- und Wartungsarbeiten und den damit verbundenen Einschr\u00e4nkungen oder Unterbrechungen dieses Dienstes.<\/p>\n<p><strong>Copyright, Marken- und Schutzrechte<\/strong><\/p>\n<p>Alle Inhalte auf dieser Website sind urheberrechtlich gesch\u00fctzt. Texte, Bilder, Grafiken, Sound, Animationen und Videos unterliegen dem Schutz des Urheberrechts und anderer Schutzgesetze. Der Inhalt darf nicht zu kommerziellen Zwecken kopiert, verbreitet, ver\u00e4ndert oder Dritten zug\u00e4nglich gemacht werden. Jede Nutzung, insbesondere die Speicherung in Datenbanken, Vervielf\u00e4ltigung, Verbreitung, Bearbeitung und jede Form von gewerblicher Nutzung sowie die Weitergabe an Dritte \u2013 auch in Teilen oder in \u00fcberarbeiteter Form \u2013 ohne Zustimmung des Betreibers bzw. des Urhebers \u2013 ist untersagt.<\/p>\n<p><strong>Streitschlichtung<\/strong><\/p>\n<p>Wir erkennen den Internet Ombudsmann als au\u00dfergerichtliche Streitschlichtung an. Infos unter: Internet Ombudsmann, Margaretenstr. 70\/2\/10, 1050 Wien, T:+43-1-5952112-95, E-Mail: beratung@ombudsmann.at Diese E-Mail-Adresse ist gegen Spambots gesch\u00fctzt! Sie m\u00fcssen JavaScript aktivieren, damit Sie sie sehen k\u00f6nnen. , Web: www.ombudsmann.at.<\/p>\n<p>[\/et_pb_text][\/et_pb_column][\/et_pb_row][\/et_pb_section]<\/p>\n","protected":false},"excerpt":{"rendered":"<p>Impressum RAAB &amp; RAAB Verm\u00f6gensberatung Gesellschaft m.b.H. Anschrift: Columbusgasse 14, 1100 WienTelefon: 01\/544 87 60Fax: 01\/544 87 60 14E-Mail: raab@raab.atUID-Nummer ATU 53040105Firmenbuchnummer: 121363 aFirmenbuchgericht: Handelsgericht WienFinanzmarktaufsichtFachgruppe Finanzdienstleister\/Wirtschaftskammer WienFachgruppe Versicherungsmakler\/Wirtschaftskammer WienFachgruppe Wertpapierdienstleister\/Wirtschaftskammer Wien Grunds\u00e4tzliches Auf unserer Homepage pr\u00e4sentieren wir das Dienstleistungsangebot sowie die Kontaktinformationen der RAAB &amp; RAAB Verm\u00f6gensberatung GesmbH. Webdesign, Konzeption, Texte, Umsetzung: Mag. Manuel [&hellip;]<\/p>\n","protected":false},"author":1,"featured_media":0,"parent":0,"menu_order":0,"comment_status":"closed","ping_status":"closed","template":"","meta":{"_et_pb_use_builder":"on","_et_pb_old_content":"","_et_gb_content_width":""},"yoast_head":"<!-- This site is optimized with the Yoast SEO plugin v19.1 - https:\/\/yoast.com\/wordpress\/plugins\/seo\/ -->\n<title>Impressum | Residental investments in Vienna \u2013 Raab &amp; Raab<\/title>\n<meta name=\"robots\" content=\"index, follow, max-snippet:-1, max-image-preview:large, max-video-preview:-1\" \/>\n<link rel=\"canonical\" href=\"https:\/\/www.raab.at\/english\/impressum\/\" \/>\n<meta property=\"og:locale\" content=\"de_DE\" \/>\n<meta property=\"og:type\" content=\"article\" \/>\n<meta property=\"og:title\" content=\"Impressum | Residental investments in Vienna \u2013 Raab &amp; Raab\" \/>\n<meta property=\"og:description\" content=\"Impressum RAAB &amp; RAAB Verm\u00f6gensberatung Gesellschaft m.b.H. Anschrift: Columbusgasse 14, 1100 WienTelefon: 01\/544 87 60Fax: 01\/544 87 60 14E-Mail: raab@raab.atUID-Nummer ATU 53040105Firmenbuchnummer: 121363 aFirmenbuchgericht: Handelsgericht WienFinanzmarktaufsichtFachgruppe Finanzdienstleister\/Wirtschaftskammer WienFachgruppe Versicherungsmakler\/Wirtschaftskammer WienFachgruppe Wertpapierdienstleister\/Wirtschaftskammer Wien Grunds\u00e4tzliches Auf unserer Homepage pr\u00e4sentieren wir das Dienstleistungsangebot sowie die Kontaktinformationen der RAAB &amp; RAAB Verm\u00f6gensberatung GesmbH. Webdesign, Konzeption, Texte, Umsetzung: Mag. Manuel [&hellip;]\" \/>\n<meta property=\"og:url\" content=\"https:\/\/www.raab.at\/english\/impressum\/\" \/>\n<meta property=\"og:site_name\" content=\"Residental investments in Vienna - Raab &amp; Raab\" \/>\n<meta property=\"article:modified_time\" content=\"2022-06-29T07:54:08+00:00\" \/>\n<meta name=\"twitter:card\" content=\"summary_large_image\" \/>\n<meta name=\"twitter:label1\" content=\"Gesch\u00e4tzte Lesezeit\" \/>\n\t<meta name=\"twitter:data1\" content=\"3\u00a0Minuten\" \/>\n<script type=\"application\/ld+json\" class=\"yoast-schema-graph\">{\"@context\":\"https:\/\/schema.org\",\"@graph\":[{\"@type\":\"WebSite\",\"@id\":\"https:\/\/www.raab.at\/english\/#website\",\"url\":\"https:\/\/www.raab.at\/english\/\",\"name\":\"Residental investments in Vienna - Raab &amp; Raab\",\"description\":\"Invest your savings for the future\",\"potentialAction\":[{\"@type\":\"SearchAction\",\"target\":{\"@type\":\"EntryPoint\",\"urlTemplate\":\"https:\/\/www.raab.at\/english\/?s={search_term_string}\"},\"query-input\":\"required name=search_term_string\"}],\"inLanguage\":\"de\"},{\"@type\":\"WebPage\",\"@id\":\"https:\/\/www.raab.at\/english\/impressum\/#webpage\",\"url\":\"https:\/\/www.raab.at\/english\/impressum\/\",\"name\":\"Impressum | Residental investments in Vienna \u2013 Raab & Raab\",\"isPartOf\":{\"@id\":\"https:\/\/www.raab.at\/english\/#website\"},\"datePublished\":\"2020-07-03T07:12:17+00:00\",\"dateModified\":\"2022-06-29T07:54:08+00:00\",\"breadcrumb\":{\"@id\":\"https:\/\/www.raab.at\/english\/impressum\/#breadcrumb\"},\"inLanguage\":\"de\",\"potentialAction\":[{\"@type\":\"ReadAction\",\"target\":[\"https:\/\/www.raab.at\/english\/impressum\/\"]}]},{\"@type\":\"BreadcrumbList\",\"@id\":\"https:\/\/www.raab.at\/english\/impressum\/#breadcrumb\",\"itemListElement\":[{\"@type\":\"ListItem\",\"position\":1,\"name\":\"Startseite\",\"item\":\"https:\/\/www.raab.at\/english\/\"},{\"@type\":\"ListItem\",\"position\":2,\"name\":\"Legal Notice\"}]}]}<\/script>\n<!-- \/ Yoast SEO plugin. -->","yoast_head_json":{"title":"Impressum | Residental investments in Vienna \u2013 Raab & Raab","robots":{"index":"index","follow":"follow","max-snippet":"max-snippet:-1","max-image-preview":"max-image-preview:large","max-video-preview":"max-video-preview:-1"},"canonical":"https:\/\/www.raab.at\/english\/impressum\/","og_locale":"de_DE","og_type":"article","og_title":"Impressum | Residental investments in Vienna \u2013 Raab & Raab","og_description":"Impressum RAAB &amp; RAAB Verm\u00f6gensberatung Gesellschaft m.b.H. Anschrift: Columbusgasse 14, 1100 WienTelefon: 01\/544 87 60Fax: 01\/544 87 60 14E-Mail: raab@raab.atUID-Nummer ATU 53040105Firmenbuchnummer: 121363 aFirmenbuchgericht: Handelsgericht WienFinanzmarktaufsichtFachgruppe Finanzdienstleister\/Wirtschaftskammer WienFachgruppe Versicherungsmakler\/Wirtschaftskammer WienFachgruppe Wertpapierdienstleister\/Wirtschaftskammer Wien Grunds\u00e4tzliches Auf unserer Homepage pr\u00e4sentieren wir das Dienstleistungsangebot sowie die Kontaktinformationen der RAAB &amp; RAAB Verm\u00f6gensberatung GesmbH. Webdesign, Konzeption, Texte, Umsetzung: Mag. Manuel [&hellip;]","og_url":"https:\/\/www.raab.at\/english\/impressum\/","og_site_name":"Residental investments in Vienna - Raab &amp; Raab","article_modified_time":"2022-06-29T07:54:08+00:00","twitter_card":"summary_large_image","twitter_misc":{"Gesch\u00e4tzte Lesezeit":"3\u00a0Minuten"},"schema":{"@context":"https:\/\/schema.org","@graph":[{"@type":"WebSite","@id":"https:\/\/www.raab.at\/english\/#website","url":"https:\/\/www.raab.at\/english\/","name":"Residental investments in Vienna - Raab &amp; Raab","description":"Invest your savings for the future","potentialAction":[{"@type":"SearchAction","target":{"@type":"EntryPoint","urlTemplate":"https:\/\/www.raab.at\/english\/?s={search_term_string}"},"query-input":"required name=search_term_string"}],"inLanguage":"de"},{"@type":"WebPage","@id":"https:\/\/www.raab.at\/english\/impressum\/#webpage","url":"https:\/\/www.raab.at\/english\/impressum\/","name":"Impressum | Residental investments in Vienna \u2013 Raab & Raab","isPartOf":{"@id":"https:\/\/www.raab.at\/english\/#website"},"datePublished":"2020-07-03T07:12:17+00:00","dateModified":"2022-06-29T07:54:08+00:00","breadcrumb":{"@id":"https:\/\/www.raab.at\/english\/impressum\/#breadcrumb"},"inLanguage":"de","potentialAction":[{"@type":"ReadAction","target":["https:\/\/www.raab.at\/english\/impressum\/"]}]},{"@type":"BreadcrumbList","@id":"https:\/\/www.raab.at\/english\/impressum\/#breadcrumb","itemListElement":[{"@type":"ListItem","position":1,"name":"Startseite","item":"https:\/\/www.raab.at\/english\/"},{"@type":"ListItem","position":2,"name":"Legal Notice"}]}]}},"_links":{"self":[{"href":"https:\/\/www.raab.at\/english\/wp-json\/wp\/v2\/pages\/37"}],"collection":[{"href":"https:\/\/www.raab.at\/english\/wp-json\/wp\/v2\/pages"}],"about":[{"href":"https:\/\/www.raab.at\/english\/wp-json\/wp\/v2\/types\/page"}],"author":[{"embeddable":true,"href":"https:\/\/www.raab.at\/english\/wp-json\/wp\/v2\/users\/1"}],"replies":[{"embeddable":true,"href":"https:\/\/www.raab.at\/english\/wp-json\/wp\/v2\/comments?post=37"}],"version-history":[{"count":5,"href":"https:\/\/www.raab.at\/english\/wp-json\/wp\/v2\/pages\/37\/revisions"}],"predecessor-version":[{"id":1265,"href":"https:\/\/www.raab.at\/english\/wp-json\/wp\/v2\/pages\/37\/revisions\/1265"}],"wp:attachment":[{"href":"https:\/\/www.raab.at\/english\/wp-json\/wp\/v2\/media?parent=37"}],"curies":[{"name":"wp","href":"https:\/\/api.w.org\/{rel}","templated":true}]}}